{"id":279,"date":"2024-08-23T21:31:42","date_gmt":"2024-08-23T21:31:42","guid":{"rendered":"https:\/\/shaarei-tefillah.ca\/about\/"},"modified":"2024-08-25T14:17:42","modified_gmt":"2024-08-25T14:17:42","slug":"about","status":"publish","type":"page","link":"https:\/\/shaarei-tefillah.ca\/fr\/about\/","title":{"rendered":"\u00c0 propos"},"content":{"rendered":"<div class=\"wp-block-uagb-container uagb-block-d43d0c88 alignfull uagb-is-root-container\"><div class=\"uagb-container-inner-blocks-wrap\">\n<div class=\"wp-block-uagb-advanced-heading uagb-block-8f5d1181\"><p class=\"uagb-desc-text\">D\u00e9couvrir<\/p><h1 class=\"uagb-heading-text\">Notre Histoire et Nos Valeurs<\/h1><\/div>\n\n\n\n<p><\/p>\n<\/div><\/div>\n\n\n\n<div class=\"wp-block-uagb-container uagb-block-7225cbb4 alignfull uagb-is-root-container\"><div class=\"uagb-container-inner-blocks-wrap\">\n<div class=\"wp-block-uagb-container uagb-layout-grid uagb-block-6fe18104\">\n<div class=\"wp-block-uagb-info-box uagb-block-2fba8f42 uagb-infobox__content-wrap  uagb-infobox-icon-above-title uagb-infobox-image-valign-top wp-block-uagb-info-box--has-margin\"><div class=\"uagb-infobox-margin-wrapper\"><div class=\"uagb-ifb-content\"><div class=\"uagb-ifb-title-wrap\"><p class=\"uagb-ifb-title-prefix\">En savoir plus sur<\/p><h2 class=\"uagb-ifb-title\">Congr\u00e9gation Shaarei Tefillah: Une Communaut\u00e9 avec un But<\/h2><\/div><p class=\"uagb-ifb-desc\">\u00c0 la Congr\u00e9gation Shaarei Tefillah, nous nous effor\u00e7ons de favoriser un sentiment d'unit\u00e9 et de croissance spirituelle au c\u0153ur de notre communaut\u00e9. Notre d\u00e9vouement \u00e0 la pri\u00e8re, \u00e0 l'\u00e9tude et au soutien mutuel cr\u00e9e une atmosph\u00e8re chaleureuse et accueillante o\u00f9 les individus et les familles peuvent s'\u00e9panouir.<\/p><\/div><\/div><\/div>\n\n\n\n<div class=\"wp-block-uagb-image uagb-block-8b152943 wp-block-uagb-image--layout-default wp-block-uagb-image--effect-static wp-block-uagb-image--align-none\"><figure class=\"wp-block-uagb-image__figure\"><img decoding=\"async\" srcset=\"https:\/\/shaarei-tefillah.ca\/wp-content\/uploads\/2024\/08\/pexels-cottonbro-4034447-1-scaled.jpg 1707w, https:\/\/shaarei-tefillah.ca\/wp-content\/uploads\/2024\/08\/pexels-cottonbro-4034447-1-200x300.jpg 200w, https:\/\/shaarei-tefillah.ca\/wp-content\/uploads\/2024\/08\/pexels-cottonbro-4034447-1-683x1024.jpg 683w, https:\/\/shaarei-tefillah.ca\/wp-content\/uploads\/2024\/08\/pexels-cottonbro-4034447-1-768x1152.jpg 768w, https:\/\/shaarei-tefillah.ca\/wp-content\/uploads\/2024\/08\/pexels-cottonbro-4034447-1-1024x1536.jpg 1024w, https:\/\/shaarei-tefillah.ca\/wp-content\/uploads\/2024\/08\/pexels-cottonbro-4034447-1-1365x2048.jpg 1365w\" sizes=\"(max-width: 480px) 150px\" src=\"https:\/\/shaarei-tefillah.ca\/wp-content\/uploads\/2024\/08\/pexels-cottonbro-4034447-1-scaled.jpg\" alt=\"\" class=\"uag-image-61\" width=\"560\" height=\"500\" title=\"who-we-are\" loading=\"lazy\" role=\"img\"\/><\/figure><\/div>\n<\/div>\n\n\n\n<div class=\"wp-block-uagb-container uagb-block-33d70679\">\n<div class=\"wp-block-uagb-advanced-heading uagb-block-21d8d6d7\"><p class=\"uagb-desc-text\">Notre H\u00e9ritage<\/p><h2 class=\"uagb-heading-text\">Une Tradition de Spiritualit\u00e9 et de Connexion<\/h2><\/div>\n\n\n\n<div class=\"wp-block-uagb-advanced-heading uagb-block-e637110f\"><p class=\"uagb-desc-text\">La Congr\u00e9gation Shaarei Tefillah poss\u00e8de une riche histoire d'adh\u00e9sion aux enseignements de la Torah et de promotion d'une profonde connexion avec la tradition juive. Sous la direction du Rabbin Wasserlauf, notre communaut\u00e9 continue de grandir gr\u00e2ce \u00e0 un engagement significatif envers notre foi et les uns envers les autres.<\/p><\/div>\n<\/div>\n\n\n\n<div class=\"wp-block-uagb-image uagb-block-955c02b2 wp-block-uagb-image--layout-default wp-block-uagb-image--effect-static wp-block-uagb-image--align-none\"><figure class=\"wp-block-uagb-image__figure\"><img decoding=\"async\" srcset=\"https:\/\/shaarei-tefillah.ca\/wp-content\/uploads\/2024\/08\/g3255a764c0528100152d0c59e67a7cdc8c5d8a4d6486d2927f8dba6644debb4ac69a6ea5476a2b55aefe0e8421a4df7991af54a11e754f27aa214b2a70984dd0_1280-6797466-1.jpg 1280w, https:\/\/shaarei-tefillah.ca\/wp-content\/uploads\/2024\/08\/g3255a764c0528100152d0c59e67a7cdc8c5d8a4d6486d2927f8dba6644debb4ac69a6ea5476a2b55aefe0e8421a4df7991af54a11e754f27aa214b2a70984dd0_1280-6797466-1-300x169.jpg 300w, https:\/\/shaarei-tefillah.ca\/wp-content\/uploads\/2024\/08\/g3255a764c0528100152d0c59e67a7cdc8c5d8a4d6486d2927f8dba6644debb4ac69a6ea5476a2b55aefe0e8421a4df7991af54a11e754f27aa214b2a70984dd0_1280-6797466-1-1024x576.jpg 1024w, https:\/\/shaarei-tefillah.ca\/wp-content\/uploads\/2024\/08\/g3255a764c0528100152d0c59e67a7cdc8c5d8a4d6486d2927f8dba6644debb4ac69a6ea5476a2b55aefe0e8421a4df7991af54a11e754f27aa214b2a70984dd0_1280-6797466-1-768x432.jpg 768w\" sizes=\"(max-width: 480px) 150px\" src=\"https:\/\/shaarei-tefillah.ca\/wp-content\/uploads\/2024\/08\/g3255a764c0528100152d0c59e67a7cdc8c5d8a4d6486d2927f8dba6644debb4ac69a6ea5476a2b55aefe0e8421a4df7991af54a11e754f27aa214b2a70984dd0_1280-6797466-1.jpg\" alt=\"\" class=\"uag-image-58\" width=\"1200\" height=\"450\" title=\"our-stories\" loading=\"lazy\" role=\"img\"\/><\/figure><\/div>\n<\/div><\/div>\n\n\n\n<div class=\"wp-block-uagb-container uagb-block-9835541a alignfull uagb-is-root-container\"><div class=\"uagb-container-inner-blocks-wrap\">\n<div class=\"wp-block-uagb-advanced-heading uagb-block-2a7e709e\"><p class=\"uagb-desc-text\">Mission et Valeurs<\/p><h2 class=\"uagb-heading-text\">Nos Principes Directeurs<\/h2><\/div>\n\n\n\n<div class=\"wp-block-uagb-container uagb-block-bee5e08e\">\n<div class=\"wp-block-uagb-advanced-heading uagb-block-4c11c17e\"><h3 class=\"uagb-heading-text\">Mission<\/h3><p class=\"uagb-desc-text\">Encourager la croissance spirituelle et favoriser les connexions au sein de notre communaut\u00e9 juive par la pri\u00e8re, l'\u00e9tude et le soutien mutuel.<\/p><\/div>\n\n\n\n<div class=\"wp-block-uagb-advanced-heading uagb-block-96847d37\"><h3 class=\"uagb-heading-text\">Valeurs<\/h3><p class=\"uagb-desc-text\">Nous valorisons l'unit\u00e9, l'apprentissage et la compassion, en cherchant \u00e0 cr\u00e9er un environnement accueillant o\u00f9 chacun peut trouver sa place et recevoir du soutien.<\/p><\/div>\n<\/div>\n<\/div><\/div>\n\n\n\n<div class=\"wp-block-uagb-container uagb-layout-grid uagb-block-d3a06ec4 alignfull uagb-is-root-container\"><div class=\"uagb-container-inner-blocks-wrap\">\n<div class=\"wp-block-uagb-image uagb-block-39d5907e wp-block-uagb-image--layout-default wp-block-uagb-image--effect-static wp-block-uagb-image--align-none\"><figure class=\"wp-block-uagb-image__figure\"><img decoding=\"async\" srcset=\"https:\/\/shaarei-tefillah.ca\/wp-content\/uploads\/2024\/08\/pexels-cottonbro-4034447-1-scaled.jpg 1707w, https:\/\/shaarei-tefillah.ca\/wp-content\/uploads\/2024\/08\/pexels-cottonbro-4034447-1-200x300.jpg 200w, https:\/\/shaarei-tefillah.ca\/wp-content\/uploads\/2024\/08\/pexels-cottonbro-4034447-1-683x1024.jpg 683w, https:\/\/shaarei-tefillah.ca\/wp-content\/uploads\/2024\/08\/pexels-cottonbro-4034447-1-768x1152.jpg 768w, https:\/\/shaarei-tefillah.ca\/wp-content\/uploads\/2024\/08\/pexels-cottonbro-4034447-1-1024x1536.jpg 1024w, https:\/\/shaarei-tefillah.ca\/wp-content\/uploads\/2024\/08\/pexels-cottonbro-4034447-1-1365x2048.jpg 1365w\" sizes=\"(max-width: 480px) 150px\" src=\"https:\/\/shaarei-tefillah.ca\/wp-content\/uploads\/2024\/08\/pexels-cottonbro-4034447-1-scaled.jpg\" alt=\"\" class=\"uag-image-61\" width=\"560\" height=\"500\" title=\"footer-cta-img\" loading=\"lazy\" role=\"img\"\/><\/figure><\/div>\n\n\n\n<div class=\"wp-block-uagb-info-box uagb-block-92f0d55a uagb-infobox__content-wrap  uagb-infobox-icon-above-title uagb-infobox-image-valign-top wp-block-uagb-info-box--has-margin\"><div class=\"uagb-infobox-margin-wrapper\"><div class=\"uagb-ifb-content\"><div class=\"uagb-ifb-title-wrap\"><span class=\"uagb-ifb-title-prefix\">Rejoignez-nous<\/span><h2 class=\"uagb-ifb-title\">Joignez-vous \u00e0 notre communaut\u00e9 d\u00e8s aujourd'hui<\/h2><\/div><p class=\"uagb-ifb-desc\">Vivez la joie collective de l'apprentissage, de la pri\u00e8re et du soutien au sein de notre congr\u00e9gation accueillante.<\/p><div class=\"uagb-ifb-button-wrapper wp-block-button\"><a href=\"\/fr\/contact\/\" class=\"uagb-infobox-cta-link wp-block-button__link\" target=\"_self\" rel=\"noopener noreferrer\" onclick=\"return true;\" alt=\"\"><span class=\"uagb-inline-editing\">Explorer maintenant<\/span><\/a><\/div><\/div><\/div><\/div>\n<\/div><\/div>","protected":false},"excerpt":{"rendered":"<p>Discover Our Story and Values Our Legacy A Tradition of Spirituality and Connection Congregation Shaarei Tefillah has a rich history [&hellip;]<\/p>","protected":false},"author":1,"featured_media":0,"parent":0,"menu_order":0,"comment_status":"closed","ping_status":"closed","template":"","meta":{"_uag_custom_page_level_css":"","_monsterinsights_skip_tracking":false,"_monsterinsights_sitenote_active":false,"_monsterinsights_sitenote_note":"","_monsterinsights_sitenote_category":0,"_uf_show_specific_survey":0,"_uf_disable_surveys":false,"site-sidebar-layout":"default","site-content-layout":"","ast-site-content-layout":"","site-content-style":"default","site-sidebar-style":"default","ast-global-header-display":"","ast-banner-title-visibility":"","ast-main-header-display":"","ast-hfb-above-header-display":"","ast-hfb-below-header-display":"","ast-hfb-mobile-header-display":"","site-post-title":"disabled","ast-breadcrumbs-content":"","ast-featured-img":"","footer-sml-layout":"","theme-transparent-header-meta":"enabled","adv-header-id-meta":"","stick-header-meta":"","header-above-stick-meta":"","header-main-stick-meta":"","header-below-stick-meta":"","astra-migrate-meta-layouts":"default","ast-page-background-enabled":"default","ast-page-background-meta":{"desktop":{"background-color":"var(--ast-global-color-4)","background-image":"","background-repeat":"repeat","background-position":"center center","background-size":"auto","background-attachment":"scroll","background-type":"","background-media":"","overlay-type":"","overlay-color":"","overlay-opacity":"","overlay-gradient":""},"tablet":{"background-color":"","background-image":"","background-repeat":"repeat","background-position":"center center","background-size":"auto","background-attachment":"scroll","background-type":"","background-media":"","overlay-type":"","overlay-color":"","overlay-opacity":"","overlay-gradient":""},"mobile":{"background-color":"","background-image":"","background-repeat":"repeat","background-position":"center center","background-size":"auto","background-attachment":"scroll","background-type":"","background-media":"","overlay-type":"","overlay-color":"","overlay-opacity":"","overlay-gradient":""}},"ast-content-background-meta":{"desktop":{"background-color":"var(--ast-global-color-5)","background-image":"","background-repeat":"repeat","background-position":"center center","background-size":"auto","background-attachment":"scroll","background-type":"","background-media":"","overlay-type":"","overlay-color":"","overlay-opacity":"","overlay-gradient":""},"tablet":{"background-color":"var(--ast-global-color-5)","background-image":"","background-repeat":"repeat","background-position":"center center","background-size":"auto","background-attachment":"scroll","background-type":"","background-media":"","overlay-type":"","overlay-color":"","overlay-opacity":"","overlay-gradient":""},"mobile":{"background-color":"var(--ast-global-color-5)","background-image":"","background-repeat":"repeat","background-position":"center center","background-size":"auto","background-attachment":"scroll","background-type":"","background-media":"","overlay-type":"","overlay-color":"","overlay-opacity":"","overlay-gradient":""}},"footnotes":""},"class_list":["post-279","page","type-page","status-publish","hentry"],"aioseo_notices":[],"uagb_featured_image_src":{"full":false,"thumbnail":false,"medium":false,"medium_large":false,"large":false,"1536x1536":false,"2048x2048":false,"trp-custom-language-flag":false,"audioigniter_cover":false},"uagb_author_info":{"display_name":"hbacovci@gmail.com","author_link":"https:\/\/shaarei-tefillah.ca\/fr\/author\/hbacovcigmail-com\/"},"uagb_comment_info":0,"uagb_excerpt":"Discover Our Story and Values Our Legacy A Tradition of Spirituality and Connection Congregation Shaarei Tefillah has a rich history [&hellip;]","_links":{"self":[{"href":"https:\/\/shaarei-tefillah.ca\/fr\/wp-json\/wp\/v2\/pages\/279"}],"collection":[{"href":"https:\/\/shaarei-tefillah.ca\/fr\/wp-json\/wp\/v2\/pages"}],"about":[{"href":"https:\/\/shaarei-tefillah.ca\/fr\/wp-json\/wp\/v2\/types\/page"}],"author":[{"embeddable":true,"href":"https:\/\/shaarei-tefillah.ca\/fr\/wp-json\/wp\/v2\/users\/1"}],"replies":[{"embeddable":true,"href":"https:\/\/shaarei-tefillah.ca\/fr\/wp-json\/wp\/v2\/comments?post=279"}],"version-history":[{"count":4,"href":"https:\/\/shaarei-tefillah.ca\/fr\/wp-json\/wp\/v2\/pages\/279\/revisions"}],"predecessor-version":[{"id":428,"href":"https:\/\/shaarei-tefillah.ca\/fr\/wp-json\/wp\/v2\/pages\/279\/revisions\/428"}],"wp:attachment":[{"href":"https:\/\/shaarei-tefillah.ca\/fr\/wp-json\/wp\/v2\/media?parent=279"}],"curies":[{"name":"wp","href":"https:\/\/api.w.org\/{rel}","templated":true}]}}