{"id":280,"date":"2024-08-23T21:31:42","date_gmt":"2024-08-23T21:31:42","guid":{"rendered":"https:\/\/shaarei-tefillah.ca\/services\/"},"modified":"2024-09-15T18:36:29","modified_gmt":"2024-09-15T18:36:29","slug":"services","status":"publish","type":"page","link":"https:\/\/shaarei-tefillah.ca\/fr\/services\/","title":{"rendered":"Services"},"content":{"rendered":"<div class=\"wp-block-uagb-container uagb-block-d43d0c88 alignfull uagb-is-root-container\"><div class=\"uagb-container-inner-blocks-wrap\">\n<div class=\"wp-block-uagb-advanced-heading uagb-block-8f5d1181\"><p class=\"uagb-desc-text\">\u00c9levez votre Esprit<\/p><h1 class=\"uagb-heading-text\">D\u00e9couvrez Nos Offres Spirituelles<\/h1><\/div>\n<\/div><\/div>\n\n\n\n<div class=\"wp-block-uagb-container uagb-block-1c26696c alignfull uagb-is-root-container\"><div class=\"uagb-container-inner-blocks-wrap\">\n<div class=\"wp-block-uagb-container uagb-layout-grid uagb-block-db6d347b\">\n<div class=\"wp-block-uagb-image uagb-block-32b0bc6b wp-block-uagb-image--layout-default wp-block-uagb-image--effect-static wp-block-uagb-image--align-none\"><figure class=\"wp-block-uagb-image__figure\"><img decoding=\"async\" srcset=\"\" sizes=\"(max-width: 480px) 150px\" src=\"https:\/\/shaarei-tefillah.ca\/wp-content\/uploads\/2024\/08\/pexels-photo-5975059-5975059-1-683x1024.jpg\" alt=\"pexels-photo-5975059-5975059.jpg\" class=\"uag-image-59\" width=\"512\" height=\"400\" title=\"pexels-photo-5975059-5975059-1\" loading=\"lazy\" role=\"img\" data-srcset=\"\"\/><\/figure><\/div>\n\n\n\n<div class=\"wp-block-uagb-info-box uagb-block-f77218c5 uagb-infobox__content-wrap  uagb-infobox-icon-above-title uagb-infobox-image-valign-top wp-block-uagb-info-box--has-margin\"><div class=\"uagb-infobox-margin-wrapper\"><div class=\"uagb-ifb-content\"><div class=\"uagb-ifb-title-wrap\"><h2 class=\"uagb-ifb-title-prefix\">01.<\/h2><div class=\"uagb-ifb-separator\"><\/div><h3 class=\"uagb-ifb-title\">Pri\u00e8re quotidienne<\/h3><\/div><p class=\"uagb-ifb-desc\">D\u00e9couvrez la puissance de la pri\u00e8re collective \u00e0 travers nos services quotidiens, enrichissant votre parcours spirituel avec un sentiment d'unit\u00e9 et de d\u00e9votion.<\/p><\/div><\/div><\/div>\n<\/div>\n\n\n\n<div class=\"wp-block-uagb-container uagb-layout-grid uagb-block-f46edbe6\">\n<div class=\"wp-block-uagb-image uagb-block-bcb273d9 wp-block-uagb-image--layout-default wp-block-uagb-image--effect-static wp-block-uagb-image--align-none\"><figure class=\"wp-block-uagb-image__figure\"><img decoding=\"async\" srcset=\"https:\/\/shaarei-tefillah.ca\/wp-content\/uploads\/2024\/08\/rabbi-Ariel-Wasserlauf-760x760-1-1.jpg 760w, https:\/\/shaarei-tefillah.ca\/wp-content\/uploads\/2024\/08\/rabbi-Ariel-Wasserlauf-760x760-1-1-300x300.jpg 300w, https:\/\/shaarei-tefillah.ca\/wp-content\/uploads\/2024\/08\/rabbi-Ariel-Wasserlauf-760x760-1-1-150x150.jpg 150w\" sizes=\"(max-width: 480px) 150px\" src=\"https:\/\/shaarei-tefillah.ca\/wp-content\/uploads\/2024\/08\/rabbi-Ariel-Wasserlauf-760x760-1-1.jpg\" alt=\"rabbi-Ariel-Wasserlauf-760x760-1.jpg\" class=\"uag-image-60\" width=\"512\" height=\"400\" title=\"rabbi-Ariel-Wasserlauf-760x760-1-1\" loading=\"lazy\" role=\"img\"\/><\/figure><\/div>\n\n\n\n<div class=\"wp-block-uagb-info-box uagb-block-b0c52ba5 uagb-infobox__content-wrap  uagb-infobox-icon-above-title uagb-infobox-image-valign-top wp-block-uagb-info-box--has-margin\"><div class=\"uagb-infobox-margin-wrapper\"><div class=\"uagb-ifb-content\"><div class=\"uagb-ifb-title-wrap\"><h2 class=\"uagb-ifb-title-prefix\">02.<\/h2><div class=\"uagb-ifb-separator\"><\/div><h3 class=\"uagb-ifb-title\">\u00c9tude de la Torah<\/h3><\/div><p class=\"uagb-ifb-desc\">Plongez dans les profondeurs de la sagesse de la Torah lors de nos s\u00e9ances d'\u00e9tude dynamiques, adapt\u00e9es aux d\u00e9butants comme aux apprenants avanc\u00e9s, favorisant la croissance intellectuelle et la connexion spirituelle.<\/p><\/div><\/div><\/div>\n<\/div>\n\n\n\n<div class=\"wp-block-uagb-container uagb-layout-grid uagb-block-acdfb74d\">\n<div class=\"wp-block-uagb-image uagb-block-b2aef285 wp-block-uagb-image--layout-default wp-block-uagb-image--effect-static wp-block-uagb-image--align-none\"><figure class=\"wp-block-uagb-image__figure\"><img decoding=\"async\" srcset=\"https:\/\/shaarei-tefillah.ca\/wp-content\/uploads\/2024\/08\/g3255a764c0528100152d0c59e67a7cdc8c5d8a4d6486d2927f8dba6644debb4ac69a6ea5476a2b55aefe0e8421a4df7991af54a11e754f27aa214b2a70984dd0_1280-6797466-1.jpg 1280w, https:\/\/shaarei-tefillah.ca\/wp-content\/uploads\/2024\/08\/g3255a764c0528100152d0c59e67a7cdc8c5d8a4d6486d2927f8dba6644debb4ac69a6ea5476a2b55aefe0e8421a4df7991af54a11e754f27aa214b2a70984dd0_1280-6797466-1-300x169.jpg 300w, https:\/\/shaarei-tefillah.ca\/wp-content\/uploads\/2024\/08\/g3255a764c0528100152d0c59e67a7cdc8c5d8a4d6486d2927f8dba6644debb4ac69a6ea5476a2b55aefe0e8421a4df7991af54a11e754f27aa214b2a70984dd0_1280-6797466-1-1024x576.jpg 1024w, https:\/\/shaarei-tefillah.ca\/wp-content\/uploads\/2024\/08\/g3255a764c0528100152d0c59e67a7cdc8c5d8a4d6486d2927f8dba6644debb4ac69a6ea5476a2b55aefe0e8421a4df7991af54a11e754f27aa214b2a70984dd0_1280-6797466-1-768x432.jpg 768w\" sizes=\"(max-width: 480px) 150px\" src=\"https:\/\/shaarei-tefillah.ca\/wp-content\/uploads\/2024\/08\/g3255a764c0528100152d0c59e67a7cdc8c5d8a4d6486d2927f8dba6644debb4ac69a6ea5476a2b55aefe0e8421a4df7991af54a11e754f27aa214b2a70984dd0_1280-6797466-1.jpg\" alt=\"\" class=\"uag-image-58\" width=\"512\" height=\"400\" title=\"services-03\" loading=\"lazy\" role=\"img\"\/><\/figure><\/div>\n\n\n\n<div class=\"wp-block-uagb-info-box uagb-block-a9241075 uagb-infobox__content-wrap  uagb-infobox-icon-above-title uagb-infobox-image-valign-top wp-block-uagb-info-box--has-margin\"><div class=\"uagb-infobox-margin-wrapper\"><div class=\"uagb-ifb-content\"><div class=\"uagb-ifb-title-wrap\"><h2 class=\"uagb-ifb-title-prefix\">03.<\/h2><div class=\"uagb-ifb-separator\"><\/div><h3 class=\"uagb-ifb-title\">Annonces de la Communaut\u00e9<\/h3><\/div><p class=\"uagb-ifb-desc\">\u00c9coutez les nouvelles de nos familles et d\u00e9couvrez des occasions de vous joindre \u00e0 la communaut\u00e9 pour marquer les \u00e9v\u00e9nements de la vie.<\/p><\/div><\/div><\/div>\n<\/div>\n<\/div><\/div>\n\n\n\n<div class=\"wp-block-uagb-container uagb-layout-grid uagb-block-d3a06ec4 alignfull uagb-is-root-container\"><div class=\"uagb-container-inner-blocks-wrap\">\n<div class=\"wp-block-uagb-image uagb-block-39d5907e wp-block-uagb-image--layout-default wp-block-uagb-image--effect-static wp-block-uagb-image--align-none\"><figure class=\"wp-block-uagb-image__figure\"><img decoding=\"async\" srcset=\"https:\/\/shaarei-tefillah.ca\/wp-content\/uploads\/2024\/08\/pexels-cottonbro-4034447-1-scaled.jpg 1707w, https:\/\/shaarei-tefillah.ca\/wp-content\/uploads\/2024\/08\/pexels-cottonbro-4034447-1-200x300.jpg 200w, https:\/\/shaarei-tefillah.ca\/wp-content\/uploads\/2024\/08\/pexels-cottonbro-4034447-1-683x1024.jpg 683w, https:\/\/shaarei-tefillah.ca\/wp-content\/uploads\/2024\/08\/pexels-cottonbro-4034447-1-768x1152.jpg 768w, https:\/\/shaarei-tefillah.ca\/wp-content\/uploads\/2024\/08\/pexels-cottonbro-4034447-1-1024x1536.jpg 1024w, https:\/\/shaarei-tefillah.ca\/wp-content\/uploads\/2024\/08\/pexels-cottonbro-4034447-1-1365x2048.jpg 1365w\" sizes=\"(max-width: 480px) 150px\" src=\"https:\/\/shaarei-tefillah.ca\/wp-content\/uploads\/2024\/08\/pexels-cottonbro-4034447-1-scaled.jpg\" alt=\"\" class=\"uag-image-61\" width=\"560\" height=\"500\" title=\"footer-cta-img\" loading=\"lazy\" role=\"img\"\/><\/figure><\/div>\n\n\n\n<div class=\"wp-block-uagb-info-box uagb-block-92f0d55a uagb-infobox__content-wrap  uagb-infobox-icon-above-title uagb-infobox-image-valign-top wp-block-uagb-info-box--has-margin\"><div class=\"uagb-infobox-margin-wrapper\"><div class=\"uagb-ifb-content\"><div class=\"uagb-ifb-title-wrap\"><span class=\"uagb-ifb-title-prefix\">Rejoignez-nous<\/span><h2 class=\"uagb-ifb-title\">Joignez-vous \u00e0 notre communaut\u00e9 d\u00e8s aujourd'hui<\/h2><\/div><p class=\"uagb-ifb-desc\">Vivez la joie collective de l'apprentissage, de la pri\u00e8re et du soutien au sein de notre congr\u00e9gation accueillante.<\/p><div class=\"uagb-ifb-button-wrapper wp-block-button\"><a href=\"\/fr\/contact\/\" class=\"uagb-infobox-cta-link wp-block-button__link\" target=\"_self\" rel=\"noopener noreferrer\" onclick=\"return true;\" alt=\"\"><span class=\"uagb-inline-editing\">Explorer maintenant<\/span><\/a><\/div><\/div><\/div><\/div>\n<\/div><\/div>","protected":false},"excerpt":{"rendered":"<p>Elevate Your Spirit Discover Our Spiritual Offerings<\/p>","protected":false},"author":1,"featured_media":0,"parent":0,"menu_order":0,"comment_status":"closed","ping_status":"closed","template":"","meta":{"_uag_custom_page_level_css":"","_monsterinsights_skip_tracking":false,"_monsterinsights_sitenote_active":false,"_monsterinsights_sitenote_note":"","_monsterinsights_sitenote_category":0,"_uf_show_specific_survey":0,"_uf_disable_surveys":false,"site-sidebar-layout":"default","site-content-layout":"","ast-site-content-layout":"","site-content-style":"default","site-sidebar-style":"default","ast-global-header-display":"","ast-banner-title-visibility":"","ast-main-header-display":"","ast-hfb-above-header-display":"","ast-hfb-below-header-display":"","ast-hfb-mobile-header-display":"","site-post-title":"disabled","ast-breadcrumbs-content":"","ast-featured-img":"","footer-sml-layout":"","theme-transparent-header-meta":"enabled","adv-header-id-meta":"","stick-header-meta":"","header-above-stick-meta":"","header-main-stick-meta":"","header-below-stick-meta":"","astra-migrate-meta-layouts":"default","ast-page-background-enabled":"default","ast-page-background-meta":{"desktop":{"background-color":"var(--ast-global-color-4)","background-image":"","background-repeat":"repeat","background-position":"center center","background-size":"auto","background-attachment":"scroll","background-type":"","background-media":"","overlay-type":"","overlay-color":"","overlay-opacity":"","overlay-gradient":""},"tablet":{"background-color":"","background-image":"","background-repeat":"repeat","background-position":"center center","background-size":"auto","background-attachment":"scroll","background-type":"","background-media":"","overlay-type":"","overlay-color":"","overlay-opacity":"","overlay-gradient":""},"mobile":{"background-color":"","background-image":"","background-repeat":"repeat","background-position":"center center","background-size":"auto","background-attachment":"scroll","background-type":"","background-media":"","overlay-type":"","overlay-color":"","overlay-opacity":"","overlay-gradient":""}},"ast-content-background-meta":{"desktop":{"background-color":"var(--ast-global-color-5)","background-image":"","background-repeat":"repeat","background-position":"center center","background-size":"auto","background-attachment":"scroll","background-type":"","background-media":"","overlay-type":"","overlay-color":"","overlay-opacity":"","overlay-gradient":""},"tablet":{"background-color":"var(--ast-global-color-5)","background-image":"","background-repeat":"repeat","background-position":"center center","background-size":"auto","background-attachment":"scroll","background-type":"","background-media":"","overlay-type":"","overlay-color":"","overlay-opacity":"","overlay-gradient":""},"mobile":{"background-color":"var(--ast-global-color-5)","background-image":"","background-repeat":"repeat","background-position":"center center","background-size":"auto","background-attachment":"scroll","background-type":"","background-media":"","overlay-type":"","overlay-color":"","overlay-opacity":"","overlay-gradient":""}},"footnotes":""},"class_list":["post-280","page","type-page","status-publish","hentry"],"aioseo_notices":[],"uagb_featured_image_src":{"full":false,"thumbnail":false,"medium":false,"medium_large":false,"large":false,"1536x1536":false,"2048x2048":false,"trp-custom-language-flag":false,"audioigniter_cover":false},"uagb_author_info":{"display_name":"hbacovci@gmail.com","author_link":"https:\/\/shaarei-tefillah.ca\/fr\/author\/hbacovcigmail-com\/"},"uagb_comment_info":0,"uagb_excerpt":"Elevate Your Spirit Discover Our Spiritual Offerings","_links":{"self":[{"href":"https:\/\/shaarei-tefillah.ca\/fr\/wp-json\/wp\/v2\/pages\/280"}],"collection":[{"href":"https:\/\/shaarei-tefillah.ca\/fr\/wp-json\/wp\/v2\/pages"}],"about":[{"href":"https:\/\/shaarei-tefillah.ca\/fr\/wp-json\/wp\/v2\/types\/page"}],"author":[{"embeddable":true,"href":"https:\/\/shaarei-tefillah.ca\/fr\/wp-json\/wp\/v2\/users\/1"}],"replies":[{"embeddable":true,"href":"https:\/\/shaarei-tefillah.ca\/fr\/wp-json\/wp\/v2\/comments?post=280"}],"version-history":[{"count":5,"href":"https:\/\/shaarei-tefillah.ca\/fr\/wp-json\/wp\/v2\/pages\/280\/revisions"}],"predecessor-version":[{"id":475,"href":"https:\/\/shaarei-tefillah.ca\/fr\/wp-json\/wp\/v2\/pages\/280\/revisions\/475"}],"wp:attachment":[{"href":"https:\/\/shaarei-tefillah.ca\/fr\/wp-json\/wp\/v2\/media?parent=280"}],"curies":[{"name":"wp","href":"https:\/\/api.w.org\/{rel}","templated":true}]}}